{"id":6091,"date":"2020-06-04T20:37:14","date_gmt":"2020-06-04T23:37:14","guid":{"rendered":"https:\/\/www.edictiosapiens.com\/?page_id=6091"},"modified":"2021-03-29T21:19:13","modified_gmt":"2021-03-30T00:19:13","slug":"cursos","status":"publish","type":"page","link":"https:\/\/www.edictiosapiens.com\/edictiosapiens\/cursos\/","title":{"rendered":"Cursos Montessori em portugu\u00eas"},"content":{"rendered":"<h1><strong>A<b> educa\u00e7\u00e3o religiosa da crian\u00e7a.\u00a0<\/b><\/strong><\/h1>\n<h6><strong><b><\/b><a href=\"https:\/\/www.edictiosapiens.com\/produto\/a_educacao_religiosa_da_crianca\/\"><img loading=\"lazy\" class=\"alignnone wp-image-6232 size-medium\" src=\"https:\/\/www.edictiosapiens.com\/edictiosapiens\/wp-content\/uploads\/2021\/02\/Presentazione-locandina-1-300x237.jpg\" alt=\"\" width=\"300\" height=\"237\" srcset=\"https:\/\/www.edictiosapiens.com\/edictiosapiens\/wp-content\/uploads\/2021\/02\/Presentazione-locandina-1-300x237.jpg 300w, https:\/\/www.edictiosapiens.com\/edictiosapiens\/wp-content\/uploads\/2021\/02\/Presentazione-locandina-1-1024x810.jpg 1024w, https:\/\/www.edictiosapiens.com\/edictiosapiens\/wp-content\/uploads\/2021\/02\/Presentazione-locandina-1-768x607.jpg 768w, https:\/\/www.edictiosapiens.com\/edictiosapiens\/wp-content\/uploads\/2021\/02\/Presentazione-locandina-1-350x277.jpg 350w, https:\/\/www.edictiosapiens.com\/edictiosapiens\/wp-content\/uploads\/2021\/02\/Presentazione-locandina-1.jpg 1280w\" sizes=\"(max-width: 300px) 100vw, 300px\" \/><\/a> \u00a0\u00a0 <\/strong><a href=\"https:\/\/www.edictiosapiens.com\/produto\/a_educacao_religiosa_da_crianca\/\">Mais informa\u00e7\u00f5es<\/a><\/h6>\n<h1><strong><b>Montessori e as novas tecnologias.\u00a0<\/b><\/strong><\/h1>\n<h6><a href=\"https:\/\/www.edictiosapiens.com\/produto\/montessori-e-as-novas-tecnologias\/\"><img loading=\"lazy\" class=\"alignnone wp-image-6294 size-medium\" src=\"https:\/\/www.edictiosapiens.com\/edictiosapiens\/wp-content\/uploads\/2021\/03\/La-pedagogia-Montessori-e-le-nuove-tecnologie-Annuncio-NEW--300x237.png\" alt=\"\" width=\"300\" height=\"237\" srcset=\"https:\/\/www.edictiosapiens.com\/edictiosapiens\/wp-content\/uploads\/2021\/03\/La-pedagogia-Montessori-e-le-nuove-tecnologie-Annuncio-NEW--300x237.png 300w, https:\/\/www.edictiosapiens.com\/edictiosapiens\/wp-content\/uploads\/2021\/03\/La-pedagogia-Montessori-e-le-nuove-tecnologie-Annuncio-NEW--1024x810.png 1024w, https:\/\/www.edictiosapiens.com\/edictiosapiens\/wp-content\/uploads\/2021\/03\/La-pedagogia-Montessori-e-le-nuove-tecnologie-Annuncio-NEW--768x607.png 768w, https:\/\/www.edictiosapiens.com\/edictiosapiens\/wp-content\/uploads\/2021\/03\/La-pedagogia-Montessori-e-le-nuove-tecnologie-Annuncio-NEW--350x277.png 350w, https:\/\/www.edictiosapiens.com\/edictiosapiens\/wp-content\/uploads\/2021\/03\/La-pedagogia-Montessori-e-le-nuove-tecnologie-Annuncio-NEW-.png 1280w\" sizes=\"(max-width: 300px) 100vw, 300px\" \/><\/a><a href=\"https:\/\/www.edictiosapiens.com\/produto\/montessori-e-as-novas-tecnologias\/\">\u00a0 \u00a0 \u00a0<\/a><a href=\"https:\/\/www.edictiosapiens.com\/produto\/montessori-e-as-novas-tecnologias\/\">Mais informa\u00e7\u00f5es<\/a><\/h6>\n<p>&nbsp;<\/p>\n<p>&nbsp;<\/p>\n","protected":false},"excerpt":{"rendered":"<p>A educa\u00e7\u00e3o religiosa da crian\u00e7a.\u00a0 \u00a0\u00a0 Mais informa\u00e7\u00f5es Montessori e as novas tecnologias.\u00a0 \u00a0 \u00a0 \u00a0Mais informa\u00e7\u00f5es &nbsp; &nbsp;<\/p>\n","protected":false},"author":1,"featured_media":6344,"parent":0,"menu_order":0,"comment_status":"closed","ping_status":"closed","template":"","meta":[],"_links":{"self":[{"href":"https:\/\/www.edictiosapiens.com\/edictiosapiens\/wp-json\/wp\/v2\/pages\/6091"}],"collection":[{"href":"https:\/\/www.edictiosapiens.com\/edictiosapiens\/wp-json\/wp\/v2\/pages"}],"about":[{"href":"https:\/\/www.edictiosapiens.com\/edictiosapiens\/wp-json\/wp\/v2\/types\/page"}],"author":[{"embeddable":true,"href":"https:\/\/www.edictiosapiens.com\/edictiosapiens\/wp-json\/wp\/v2\/users\/1"}],"replies":[{"embeddable":true,"href":"https:\/\/www.edictiosapiens.com\/edictiosapiens\/wp-json\/wp\/v2\/comments?post=6091"}],"version-history":[{"count":25,"href":"https:\/\/www.edictiosapiens.com\/edictiosapiens\/wp-json\/wp\/v2\/pages\/6091\/revisions"}],"predecessor-version":[{"id":6295,"href":"https:\/\/www.edictiosapiens.com\/edictiosapiens\/wp-json\/wp\/v2\/pages\/6091\/revisions\/6295"}],"wp:featuredmedia":[{"embeddable":true,"href":"https:\/\/www.edictiosapiens.com\/edictiosapiens\/wp-json\/wp\/v2\/media\/6344"}],"wp:attachment":[{"href":"https:\/\/www.edictiosapiens.com\/edictiosapiens\/wp-json\/wp\/v2\/media?parent=6091"}],"curies":[{"name":"wp","href":"https:\/\/api.w.org\/{rel}","templated":true}]}}