{"id":6017,"date":"2020-04-17T17:27:22","date_gmt":"2020-04-17T20:27:22","guid":{"rendered":"https:\/\/www.edictiosapiens.com\/?post_type=product&#038;p=6017"},"modified":"2021-03-30T20:43:45","modified_gmt":"2021-03-30T23:43:45","slug":"a-autoeducacao","status":"publish","type":"product","link":"https:\/\/www.edictiosapiens.com\/edictiosapiens\/produto\/a-autoeducacao\/","title":{"rendered":"A Autoeduca\u00e7\u00e3o"},"content":{"rendered":"<p>Frequentemente assistimos v\u00eddeos ou lemos artigos na WEB sobre a pedagogia Montessoriana. Quase sempre s\u00e3o ministrados por professores que participaram de outros cursos ministrados por outros professores. Em todas essas passagens de conhecimento, naturalmente enriquecidas por intui\u00e7\u00f5es ou pelas experi\u00eancias diretas do trabalho de ensino, \u00e0s vezes h\u00e1 mal-entendidos, interpreta\u00e7\u00f5es pessoais, for\u00e7antes e conclus\u00f5es arriscadas dif\u00edceis de verificar, mesmo quando feitas de boa f\u00e9.<\/p>\n<p>Este canal \u00e9 chamado de <strong>MARIA MONTESSORI ESCREVEU<\/strong>.<\/p>\n<p>Pretendemos afirmar com firmeza que \u00e9 necess\u00e1rio retornar \u00e0s origens, \u00e0s palavras reais e diretas com as quais a Dra. Maria Montessori apresentou e explicou ao mundo os princ\u00edpios e experi\u00eancias a partir dos quais ela desenvolveu sua &#8220;revolu\u00e7\u00e3o&#8221; da pedagogia.<\/p>\n<p>Em particular, lidamos com o livro &#8220;<strong>La Autoeducazione nelle scuole elementari<\/strong>&#8220;, que <span style=\"color: #ff0000;\"><strong>nunca foi traduzido e publicado em portugu\u00eas.<\/strong><\/span><\/p>\n<p>Este livro \u00e9 inigual\u00e1vel em import\u00e2ncia na produ\u00e7\u00e3o de Maria Montessori. Assim como o primeiro, &#8220;A pedagogia cient\u00edfica&#8221;, \u00e9 a sua evolu\u00e7\u00e3o natural, lidando com a educa\u00e7\u00e3o da crian\u00e7a at\u00e9 10 anos de idade.<\/p>\n<p>Com a esperan\u00e7a de dar uma contribui\u00e7\u00e3o interessante ao movimento Montessori no Brasil.<\/p>\n<p>Pierantonio Pozzi<\/p>\n<p>Pr\u00f3ximo curso: <strong>de 13 a 15 de Maio de 2020<\/strong><\/p>\n<p>Hor\u00e1rio: de <strong>9h30<\/strong> \u00e0s <strong>11h30<\/strong><\/p>\n<p><strong>SEDE:<\/strong> On-line ao vivo.<\/p>\n<p>Para demais informa\u00e7\u00f5es\u00a0 contate: <strong>cu<\/strong><strong>rsos@edictiosapiens.com<\/strong><\/p>\n<p>&nbsp;<\/p>\n","protected":false},"excerpt":{"rendered":"<p>Curso introdut\u00f3rio <strong>on-line<\/strong> da<strong> Auto-educa\u00e7\u00e3o. <\/strong><\/p>\n<p>Com base nas palavras exatas de Maria Montessori, com explica\u00e7\u00f5es e di\u00e1logos entre os participantes e suas experi\u00eancias no Ensino Fundamental.<\/p>\n","protected":false},"featured_media":6050,"comment_status":"closed","ping_status":"closed","template":"","meta":[],"_links":{"self":[{"href":"https:\/\/www.edictiosapiens.com\/edictiosapiens\/wp-json\/wp\/v2\/product\/6017"}],"collection":[{"href":"https:\/\/www.edictiosapiens.com\/edictiosapiens\/wp-json\/wp\/v2\/product"}],"about":[{"href":"https:\/\/www.edictiosapiens.com\/edictiosapiens\/wp-json\/wp\/v2\/types\/product"}],"replies":[{"embeddable":true,"href":"https:\/\/www.edictiosapiens.com\/edictiosapiens\/wp-json\/wp\/v2\/comments?post=6017"}],"wp:featuredmedia":[{"embeddable":true,"href":"https:\/\/www.edictiosapiens.com\/edictiosapiens\/wp-json\/wp\/v2\/media\/6050"}],"wp:attachment":[{"href":"https:\/\/www.edictiosapiens.com\/edictiosapiens\/wp-json\/wp\/v2\/media?parent=6017"}],"curies":[{"name":"wp","href":"https:\/\/api.w.org\/{rel}","templated":true}]}}