{"id":6211,"date":"2021-03-21T08:55:56","date_gmt":"2021-03-21T11:55:56","guid":{"rendered":"https:\/\/www.edictiosapiens.com\/?post_type=product&#038;p=6211"},"modified":"2021-03-30T17:04:56","modified_gmt":"2021-03-30T20:04:56","slug":"insegnare-la-storia","status":"publish","type":"product","link":"https:\/\/www.edictiosapiens.com\/edictiosapiens\/produto\/insegnare-la-storia\/","title":{"rendered":"Insegnare la storia"},"content":{"rendered":"<h4>IL PERIODO SENSIBILE PER INSEGNARE LA STORIA AI BAMBINI CON IL METODO MONTESSORI.<\/h4>\n<p>COME INCANTARE E FAR APPASSIONARE I BAMBINI ALLA STORIA.<\/p>\n<p><em>\u201cQuando un professore insegna storia, per avere successo, dovrebbe far sentire al bambino come se stesse cavalcando con Giulio Cesare, dovrebbe far sentire la sete di Cristoforo Colombo che scruta nella notte l\u2019oceano dal ponte della sua caravella. La storia \u00e8 vita, \u00e8 passione, dolore, felicit\u00e0, solo attraverso l\u2019incanto dell\u00b4immedesimazione si pu\u00f2 appassionare il bambino alla storia. Se la maestra legge un libro, in una narrazione tediosa fatta di susseguirsi di date e eventi, uccide lo spirito di curiosit\u00e0 innato del bambino, cos\u00ec l\u2019apprendimento sar\u00e0 scarso e non rimarr\u00e0 niente nella mente del piccolo. Se invece si passa per la sfera celebrale del piacere, del diletto, allora l\u2019apprendimento sar\u00e0 forte e duraturo.\u201d (<\/em>Silvia Brambilla)<\/p>\n<p><strong>Il primo modulo<\/strong> tratta dell&#8217; evoluzione dell\u00b4uomo primitivo.<\/p>\n<p><span style=\"color: #ff0000;\"><strong>Silvia Brambilla <\/strong><\/span><span style=\"font-size: 1rem;\">, italiana, insegnante<\/span> Montessori e fundatrice del Col\u00e9gio Montessori Rainha da Paz di Aracati -CE in Brasile. Educazione della prima infanzia &#8211; Scuola primaria.<\/p>\n<p>Traduttrice per il portoghese del libro &#8220;Psicogrammatica&#8221; di M. Montessori &#8211; 1\u00aaed.(2020) editrice: KIRION<\/p>\n<p>Amica di Grazia Honegger Fresco que fu alunna di Adele Costa Gnocchi e Maria Montessori.<\/p>\n<p>Tiene corsi di formazione, anche on line, per gli insegnanti di tutto il Brasile.<\/p>\n<p>Prossimo corso: <strong>dal 24 al 25 Aprile del 2021<\/strong><\/p>\n<p>Orario: dalle <strong>14.30<\/strong> alle <strong>16.30<\/strong><\/p>\n<p>Carica oraria : 4 ore.<\/p>\n<p><strong>SEDE:<\/strong> On-line al vivo.<\/p>\n<p>Per ulteriori informazioni: <strong>info@edictiosapiens.com<\/strong><\/p>\n","protected":false},"excerpt":{"rendered":"<h4>IL PERIODO SENSIBILE PER INSEGNARE LA STORIA AI BAMBINI CON IL METODO MONTESSORI.<\/h4>\n<p>COME INCANTARE E FAR APPASSIONARE I BAMBINI ALLA STORIA.<\/p>\n","protected":false},"featured_media":6228,"comment_status":"closed","ping_status":"closed","template":"","meta":[],"_links":{"self":[{"href":"https:\/\/www.edictiosapiens.com\/edictiosapiens\/wp-json\/wp\/v2\/product\/6211"}],"collection":[{"href":"https:\/\/www.edictiosapiens.com\/edictiosapiens\/wp-json\/wp\/v2\/product"}],"about":[{"href":"https:\/\/www.edictiosapiens.com\/edictiosapiens\/wp-json\/wp\/v2\/types\/product"}],"replies":[{"embeddable":true,"href":"https:\/\/www.edictiosapiens.com\/edictiosapiens\/wp-json\/wp\/v2\/comments?post=6211"}],"wp:featuredmedia":[{"embeddable":true,"href":"https:\/\/www.edictiosapiens.com\/edictiosapiens\/wp-json\/wp\/v2\/media\/6228"}],"wp:attachment":[{"href":"https:\/\/www.edictiosapiens.com\/edictiosapiens\/wp-json\/wp\/v2\/media?parent=6211"}],"curies":[{"name":"wp","href":"https:\/\/api.w.org\/{rel}","templated":true}]}}