{"id":82,"date":"2019-05-21T13:27:04","date_gmt":"2019-05-21T16:27:04","guid":{"rendered":"http:\/\/localhost\/edictiosapiens\/?post_type=product&#038;p=82"},"modified":"2021-04-01T06:50:02","modified_gmt":"2021-04-01T09:50:02","slug":"do-hominideo-ao-homo-sapiens","status":"publish","type":"product","link":"https:\/\/www.edictiosapiens.com\/edictiosapiens\/produto\/do-hominideo-ao-homo-sapiens\/","title":{"rendered":"Do Hominideo ao Homo Sapiens"},"content":{"rendered":"<p>A\u00a0\u00a0pr\u00e9-hist\u00f3ria atualizada \u00e0 luz das mais recentes descobertas da paleont\u00f3logia. Com imagens que ser\u00e3o organizadas pelas crian\u00e7as na correspondente faixa muda. Com um livro para o professor que explica os acontecimentos e o signi\ufb01cado de cada imagem. Com experi\u00eancias para fazer com as crian\u00e7as, para que elas possam se identi\ufb01car com a vida do homem primitivo.<\/p>\n<p><img loading=\"lazy\" class=\"aligncenter wp-image-83 size-medium\" src=\"https:\/\/www.edictiosapiens.com\/edictiosapiens\/wp-content\/uploads\/2019\/05\/OS2Rid-300x87-300x87.jpg\" alt=\"\" width=\"300\" height=\"87\" \/><img loading=\"lazy\" class=\"aligncenter wp-image-60 size-medium\" src=\"https:\/\/www.edictiosapiens.com\/edictiosapiens\/wp-content\/uploads\/2019\/05\/libro-e-foto-300x190-300x190.jpg\" alt=\"\" width=\"300\" height=\"190\" \/><\/p>\n<p>Linha falada + Linha muda + 58 imagens destacadas + Livro para o professor.<\/p>\n","protected":false},"excerpt":{"rendered":"<p>A\u00a0\u00a0pr\u00e9-hist\u00f3ria atualizada \u00e0 luz das mais recentes descobertas da paleont\u00f3logia.<\/p>\n","protected":false},"featured_media":83,"comment_status":"closed","ping_status":"closed","template":"","meta":[],"_links":{"self":[{"href":"https:\/\/www.edictiosapiens.com\/edictiosapiens\/wp-json\/wp\/v2\/product\/82"}],"collection":[{"href":"https:\/\/www.edictiosapiens.com\/edictiosapiens\/wp-json\/wp\/v2\/product"}],"about":[{"href":"https:\/\/www.edictiosapiens.com\/edictiosapiens\/wp-json\/wp\/v2\/types\/product"}],"replies":[{"embeddable":true,"href":"https:\/\/www.edictiosapiens.com\/edictiosapiens\/wp-json\/wp\/v2\/comments?post=82"}],"wp:featuredmedia":[{"embeddable":true,"href":"https:\/\/www.edictiosapiens.com\/edictiosapiens\/wp-json\/wp\/v2\/media\/83"}],"wp:attachment":[{"href":"https:\/\/www.edictiosapiens.com\/edictiosapiens\/wp-json\/wp\/v2\/media?parent=82"}],"curies":[{"name":"wp","href":"https:\/\/api.w.org\/{rel}","templated":true}]}}