{"id":86,"date":"2019-05-21T14:14:38","date_gmt":"2019-05-21T17:14:38","guid":{"rendered":"http:\/\/localhost\/edictiosapiens\/?post_type=product&#038;p=86"},"modified":"2021-03-30T20:37:50","modified_gmt":"2021-03-30T23:37:50","slug":"as-civilizacoes-da-mesopotamia","status":"publish","type":"product","link":"https:\/\/www.edictiosapiens.com\/edictiosapiens\/produto\/as-civilizacoes-da-mesopotamia\/","title":{"rendered":"As civiliza\u00e7\u00f5es da Mesopotamia"},"content":{"rendered":"<p><img loading=\"lazy\" class=\"aligncenter wp-image-87 size-medium\" src=\"https:\/\/www.edictiosapiens.com\/edictiosapiens\/wp-content\/uploads\/2019\/05\/LMRid2-300x150-1-300x150.jpg\" alt=\"\" width=\"300\" height=\"150\" \/><\/p>\n<p><img loading=\"lazy\" class=\"aligncenter wp-image-62 size-medium\" src=\"https:\/\/www.edictiosapiens.com\/edictiosapiens\/wp-content\/uploads\/2019\/05\/Livro-Meso-300x173-300x173.jpg\" alt=\"\" width=\"300\" height=\"173\" \/><\/p>\n<p>Linha falada + Linha muda + 85 imagens destacadas + Livro para o professor.<\/p>\n","protected":false},"excerpt":{"rendered":"<p>As civiliza\u00e7\u00f5es que habitaram a regi\u00e3o do Crescente F\u00e9rtil. A partir da inven\u00e7\u00e3o da escrita cuneiforme, s\u00e3o conhecidos e desenvolvidos os aspectos das origens, atividades, inven\u00e7\u00f5es, organiza\u00e7\u00e3o social, cidades, religi\u00e3o e do \ufb01m da civiliza\u00e7\u00e3o.Com imagens que ser\u00e3o organizadas pelas crian\u00e7as na correspondente faixa muda. Com um livro para o professor que explica os acontecimentos e o signi\ufb01cado de cada imagem. Al\u00e9m disso, t\u00eam experi\u00eancias para os professores fazerem com as crian\u00e7as, para que elas possam reconhecer as necessidades desses povos.<\/p>\n","protected":false},"featured_media":59,"comment_status":"closed","ping_status":"closed","template":"","meta":[],"_links":{"self":[{"href":"https:\/\/www.edictiosapiens.com\/edictiosapiens\/wp-json\/wp\/v2\/product\/86"}],"collection":[{"href":"https:\/\/www.edictiosapiens.com\/edictiosapiens\/wp-json\/wp\/v2\/product"}],"about":[{"href":"https:\/\/www.edictiosapiens.com\/edictiosapiens\/wp-json\/wp\/v2\/types\/product"}],"replies":[{"embeddable":true,"href":"https:\/\/www.edictiosapiens.com\/edictiosapiens\/wp-json\/wp\/v2\/comments?post=86"}],"wp:featuredmedia":[{"embeddable":true,"href":"https:\/\/www.edictiosapiens.com\/edictiosapiens\/wp-json\/wp\/v2\/media\/59"}],"wp:attachment":[{"href":"https:\/\/www.edictiosapiens.com\/edictiosapiens\/wp-json\/wp\/v2\/media?parent=86"}],"curies":[{"name":"wp","href":"https:\/\/api.w.org\/{rel}","templated":true}]}}