{"id":89,"date":"2019-05-21T14:24:29","date_gmt":"2019-05-21T17:24:29","guid":{"rendered":"http:\/\/localhost\/edictiosapiens\/?post_type=product&#038;p=89"},"modified":"2021-03-30T16:29:33","modified_gmt":"2021-03-30T19:29:33","slug":"a-civilizacao-do-antigo-egito","status":"publish","type":"product","link":"https:\/\/www.edictiosapiens.com\/edictiosapiens\/produto\/a-civilizacao-do-antigo-egito\/","title":{"rendered":"A civiliza\u00e7\u00e3o do Antigo Egito"},"content":{"rendered":"<p><strong>Em prepara\u00e7\u00e3o<\/strong><\/p>\n","protected":false},"excerpt":{"rendered":"<p>Uma das civiliza\u00e7\u00f5es mais importantes da hist\u00f3ria Antiga. Desenvolveu-se na regi\u00e3o do Crescente F\u00e9rtil, mais exatamente no nordeste da \u00c1frica, uma regi\u00e3o caracterizada pela exist\u00eancia de desertos e pela vasta plan\u00edcie do rio Nilo. S\u00e3o conhecidos e desenvolvidos os aspectos da geogra\ufb01a, atividades, inven\u00e7\u00f5es, sociedade, arte e religi\u00e3o.Com imagens que ser\u00e3o organizadas pelas crian\u00e7as na correspondente faixa muda. Com um livro para o professor que explica os acontecimentos e o signi\ufb01cado de cada imagem.<\/p>\n<p>Em prepara\u00e7\u00e3o<\/p>\n","protected":false},"featured_media":58,"comment_status":"closed","ping_status":"closed","template":"","meta":[],"_links":{"self":[{"href":"https:\/\/www.edictiosapiens.com\/edictiosapiens\/wp-json\/wp\/v2\/product\/89"}],"collection":[{"href":"https:\/\/www.edictiosapiens.com\/edictiosapiens\/wp-json\/wp\/v2\/product"}],"about":[{"href":"https:\/\/www.edictiosapiens.com\/edictiosapiens\/wp-json\/wp\/v2\/types\/product"}],"replies":[{"embeddable":true,"href":"https:\/\/www.edictiosapiens.com\/edictiosapiens\/wp-json\/wp\/v2\/comments?post=89"}],"wp:featuredmedia":[{"embeddable":true,"href":"https:\/\/www.edictiosapiens.com\/edictiosapiens\/wp-json\/wp\/v2\/media\/58"}],"wp:attachment":[{"href":"https:\/\/www.edictiosapiens.com\/edictiosapiens\/wp-json\/wp\/v2\/media?parent=89"}],"curies":[{"name":"wp","href":"https:\/\/api.w.org\/{rel}","templated":true}]}}